{"id":95,"date":"2016-06-09T19:40:32","date_gmt":"2016-06-09T18:40:32","guid":{"rendered":"https:\/\/oldenbeuving.wordpress.com\/?page_id=93"},"modified":"2016-06-09T19:40:32","modified_gmt":"2016-06-09T18:40:32","slug":"voor-wie","status":"publish","type":"page","link":"https:\/\/hypnolutiongroningen.nl\/?page_id=95","title":{"rendered":"Voor wie?&#8230;&#8230;.."},"content":{"rendered":"<p>Hypnose is doeltreffend in te zetten voor heel veel zaken. Vaak wordt al resultaat geboekt bij een paar sessies<\/p>\n<ul>\n<li>met stip op \u00e9\u00e9n: stoppen met roken<\/li>\n<li>gevolgd door: gewichtsreductie (oftewel afvallen)<\/li>\n<li>maar ook: bestrijden van angsten en fobie\u00ebn<\/li>\n<li>aansterken zelfvertrouwen<\/li>\n<li>verslavingsproblematiek<\/li>\n<li>bang voor dieren (spinnen, muizen, slangen etc.)<\/li>\n<li>nagelbijten<\/li>\n<li>dwangmatige gewoontes<\/li>\n<li>traumaverwerking<\/li>\n<\/ul>\n<p>&nbsp;<\/p>\n<p>Zit je met iets dat hier niet tussen staat? Geen probleem. Je kunt altijd contact met mij opnemen om te zien of het iets is waar we wat aan kunnen doen.<\/p>\n<p>&nbsp;<\/p>\n","protected":false},"excerpt":{"rendered":"<p>Hypnose is doeltreffend in te zetten voor heel veel zaken. Vaak wordt al resultaat geboekt bij een paar sessies met stip op \u00e9\u00e9n: stoppen met roken gevolgd door: gewichtsreductie (oftewel afvallen) maar ook: bestrijden van angsten en fobie\u00ebn aansterken zelfvertrouwen verslavingsproblematiek bang voor dieren (spinnen, muizen, slangen etc.) nagelbijten dwangmatige gewoontes traumaverwerking &nbsp; Zit je &hellip; <a href=\"https:\/\/hypnolutiongroningen.nl\/?page_id=95\" class=\"more-link\">Lees verder <span class=\"screen-reader-text\">Voor wie?&#8230;&#8230;..<\/span> <span class=\"meta-nav\">&rarr;<\/span><\/a><\/p>\n","protected":false},"author":1,"featured_media":0,"parent":0,"menu_order":0,"comment_status":"closed","ping_status":"closed","template":"","meta":{"jetpack_post_was_ever_published":false},"jetpack_sharing_enabled":false,"jetpack_shortlink":"https:\/\/wp.me\/P7DvB7-1x","_links":{"self":[{"href":"https:\/\/hypnolutiongroningen.nl\/index.php?rest_route=\/wp\/v2\/pages\/95"}],"collection":[{"href":"https:\/\/hypnolutiongroningen.nl\/index.php?rest_route=\/wp\/v2\/pages"}],"about":[{"href":"https:\/\/hypnolutiongroningen.nl\/index.php?rest_route=\/wp\/v2\/types\/page"}],"author":[{"embeddable":true,"href":"https:\/\/hypnolutiongroningen.nl\/index.php?rest_route=\/wp\/v2\/users\/1"}],"replies":[{"embeddable":true,"href":"https:\/\/hypnolutiongroningen.nl\/index.php?rest_route=%2Fwp%2Fv2%2Fcomments&post=95"}],"version-history":[{"count":0,"href":"https:\/\/hypnolutiongroningen.nl\/index.php?rest_route=\/wp\/v2\/pages\/95\/revisions"}],"wp:attachment":[{"href":"https:\/\/hypnolutiongroningen.nl\/index.php?rest_route=%2Fwp%2Fv2%2Fmedia&parent=95"}],"curies":[{"name":"wp","href":"https:\/\/api.w.org\/{rel}","templated":true}]}}