{"id":7,"date":"2016-05-04T20:15:07","date_gmt":"2016-05-04T19:15:07","guid":{"rendered":"https:\/\/oldenbeuving.wordpress.com\/?page_id=2"},"modified":"2016-06-14T22:35:44","modified_gmt":"2016-06-14T20:35:44","slug":"wie-ben-ik","status":"publish","type":"page","link":"https:\/\/hypnolutiongroningen.nl\/?page_id=7","title":{"rendered":"wie ben ik"},"content":{"rendered":"<p><img decoding=\"async\" loading=\"lazy\" class=\"size-thumbnail wp-image-79 alignright\" src=\"http:\/\/hypnolutiongroningen.nl\/wp-content\/uploads\/2016\/05\/img_1032.jpg?w=113\" alt=\"IMG_1032\" width=\"113\" height=\"150\" srcset=\"https:\/\/hypnolutiongroningen.nl\/wp-content\/uploads\/2016\/05\/img_1032.jpg 480w, https:\/\/hypnolutiongroningen.nl\/wp-content\/uploads\/2016\/05\/img_1032-225x300.jpg 225w\" sizes=\"(max-width: 113px) 100vw, 113px\" \/>Mijn naam is Joan Oldenbeuving. Ik ben jaren in de hulpverlening actief geweest, werkend met verschillende doelgroepen zoals daar zijn: verstandelijk gehandicapten, lichamelijk gehandicapten, moeilijk opvoedbare kinderen&#8230;.<br \/>\nUiteindelijk heb ik een carri\u00e9reswitch gemaakt richting de ICT. Daar heb ik jaren naar genoegdoening in gewerkt (en nog steeds, trouwens). Echter begon uiteindelijk de drang naar de concrete hulpverlening wel weer te knagen, aangezien ik in de huidige werkzaamheden het \u00e9\u00e9n-op-\u00e9\u00e9n contact met de hulpvrager wel wat ben gaan missen.<br \/>\nEen eigenschap die latent bij mij aanwezig was, was het handelen vanuit een heldervoelend vermogen. En vanuit dat gegeven heb ik mij gespecialiseerd in de hypnose. Binnen de hulpverlening heeft hypnose een ongekend hoog slagingspercentage, oftewel: via hypnose help je veel mensen daadwerkelijk van hun problemen af, dat het haast een gemiste kans lijkt wanneer je iemand niet op zijn minst de mogelijkheid van hypnose aanbiedt.<br \/>\nDus naast het feit dat ik ICT&#8217;er ben, wil ik ook graag mensen de helpende hand bieden om via hypnose een gezonder\/beter leven te leiden.<\/p>\n","protected":false},"excerpt":{"rendered":"<p>Mijn naam is Joan Oldenbeuving. Ik ben jaren in de hulpverlening actief geweest, werkend met verschillende doelgroepen zoals daar zijn: verstandelijk gehandicapten, lichamelijk gehandicapten, moeilijk opvoedbare kinderen&#8230;. Uiteindelijk heb ik een carri\u00e9reswitch gemaakt richting de ICT. Daar heb ik jaren naar genoegdoening in gewerkt (en nog steeds, trouwens). Echter begon uiteindelijk de drang naar de &hellip; <a href=\"https:\/\/hypnolutiongroningen.nl\/?page_id=7\" class=\"more-link\">Lees verder <span class=\"screen-reader-text\">wie ben ik<\/span> <span class=\"meta-nav\">&rarr;<\/span><\/a><\/p>\n","protected":false},"author":1,"featured_media":0,"parent":0,"menu_order":0,"comment_status":"closed","ping_status":"closed","template":"","meta":{"jetpack_post_was_ever_published":false},"jetpack_sharing_enabled":false,"jetpack_shortlink":"https:\/\/wp.me\/P7DvB7-7","_links":{"self":[{"href":"https:\/\/hypnolutiongroningen.nl\/index.php?rest_route=\/wp\/v2\/pages\/7"}],"collection":[{"href":"https:\/\/hypnolutiongroningen.nl\/index.php?rest_route=\/wp\/v2\/pages"}],"about":[{"href":"https:\/\/hypnolutiongroningen.nl\/index.php?rest_route=\/wp\/v2\/types\/page"}],"author":[{"embeddable":true,"href":"https:\/\/hypnolutiongroningen.nl\/index.php?rest_route=\/wp\/v2\/users\/1"}],"replies":[{"embeddable":true,"href":"https:\/\/hypnolutiongroningen.nl\/index.php?rest_route=%2Fwp%2Fv2%2Fcomments&post=7"}],"version-history":[{"count":1,"href":"https:\/\/hypnolutiongroningen.nl\/index.php?rest_route=\/wp\/v2\/pages\/7\/revisions"}],"predecessor-version":[{"id":105,"href":"https:\/\/hypnolutiongroningen.nl\/index.php?rest_route=\/wp\/v2\/pages\/7\/revisions\/105"}],"wp:attachment":[{"href":"https:\/\/hypnolutiongroningen.nl\/index.php?rest_route=%2Fwp%2Fv2%2Fmedia&parent=7"}],"curies":[{"name":"wp","href":"https:\/\/api.w.org\/{rel}","templated":true}]}}